{"id":50,"date":"2023-08-29T20:11:24","date_gmt":"2023-08-29T18:11:24","guid":{"rendered":"https:\/\/model.wings.rs\/blog\/?page_id=50"},"modified":"2023-09-05T00:19:40","modified_gmt":"2023-09-04T22:19:40","slug":"arhiva","status":"publish","type":"page","link":"https:\/\/model.wings.rs\/blog\/arhiva\/","title":{"rendered":"Arhiva"},"content":{"rendered":"<ul class=\"display-posts-listing\"><li class=\"listing-item\"><a class=\"title\" href=\"https:\/\/model.wings.rs\/blog\/how-to-use-model-wings-rs-to-enter-competition-results\/\">How to use model.wings.rs to enter competition results<\/a> <span class=\"date\">18.07.2025.<\/span><\/li><li class=\"listing-item\"><a class=\"title\" href=\"https:\/\/model.wings.rs\/blog\/kako-sam-zamalo-izgubio-model\/\">Kako sam zamalo izgubio model<\/a> <span class=\"date\">06.07.2025.<\/span><\/li><li class=\"listing-item\"><a class=\"title\" href=\"https:\/\/model.wings.rs\/blog\/zasto-treba-koristiti-model-wings-rs-za-unosenje-rezultata-na-takmicenjima\/\">Kako koristiti model.wings.rs za uno\u0161enje rezultata takmi\u010denja?<\/a> <span class=\"date\">12.05.2025.<\/span><\/li><li class=\"listing-item\"><a class=\"title\" href=\"https:\/\/model.wings.rs\/blog\/free-flight-weekend-in-salonta\/\">Free Flight weekend in Salonta<\/a> <span class=\"date\">15.05.2024.<\/span><\/li><li class=\"listing-item\"><a class=\"title\" href=\"https:\/\/model.wings.rs\/blog\/about-time-report\/\">About Time report<\/a> <span class=\"date\">14.05.2024.<\/span><\/li><li class=\"listing-item\"><a class=\"title\" href=\"https:\/\/model.wings.rs\/blog\/free-flight-vikend-u-salonti\/\">Free Flight vikend u Salonti<\/a> <span class=\"date\">13.05.2024.<\/span><\/li><li class=\"listing-item\"><a class=\"title\" href=\"https:\/\/model.wings.rs\/blog\/mid-profili-za-f1q\/\">MID profili za F1Q<\/a> <span class=\"date\">27.10.2023.<\/span><\/li><li class=\"listing-item\"><a class=\"title\" href=\"https:\/\/model.wings.rs\/blog\/i-touched-the-top-of-the-world-how-i-saw-and-experienced-what-i-learned\/\">(I touched) THE TOP OF THE WORLD!  HOW I SAW AND EXPERIENCED, WHAT I LEARNED<\/a> <span class=\"date\">18.09.2023.<\/span><\/li><li class=\"listing-item\"><a class=\"title\" href=\"https:\/\/model.wings.rs\/blog\/dodirnuo-sam-vrh-sveta-kako-sam-video-i-doziveo-sta-sam-naucio\/\">(Dodirnuo sam) VRH SVETA! KAKO SAM VIDEO I DO\u017dIVEO, \u0160TA SAM NAU\u010cIO<\/a> <span class=\"date\">10.09.2023.<\/span><\/li><li class=\"listing-item\"><a class=\"title\" href=\"https:\/\/model.wings.rs\/blog\/mid-airfoils-for-f1a-gliders\/\">MID airfoils for F1A gliders<\/a> <span class=\"date\">03.09.2023.<\/span><\/li><li class=\"listing-item\"><a class=\"title\" href=\"https:\/\/model.wings.rs\/blog\/mid-aeroprofili-za-f1a-jedrilice\/\">\u041c\u0418\u0414 \u0430\u0435\u0440\u043e\u043f\u0440\u043e\u0444\u0438\u043b\u0438 \u0437\u0430 \u04241\u0410 \u0458\u0435\u0434\u0440\u0438\u043b\u0438\u0446\u0435<\/a> <span class=\"date\">03.09.2023.<\/span><\/li><\/ul>\n","protected":false},"excerpt":{"rendered":"","protected":false},"author":1,"featured_media":0,"parent":0,"menu_order":0,"comment_status":"closed","ping_status":"closed","template":"","meta":{"footnotes":""},"class_list":["post-50","page","type-page","status-publish","hentry"],"_links":{"self":[{"href":"https:\/\/model.wings.rs\/blog\/wp-json\/wp\/v2\/pages\/50","targetHints":{"allow":["GET"]}}],"collection":[{"href":"https:\/\/model.wings.rs\/blog\/wp-json\/wp\/v2\/pages"}],"about":[{"href":"https:\/\/model.wings.rs\/blog\/wp-json\/wp\/v2\/types\/page"}],"author":[{"embeddable":true,"href":"https:\/\/model.wings.rs\/blog\/wp-json\/wp\/v2\/users\/1"}],"replies":[{"embeddable":true,"href":"https:\/\/model.wings.rs\/blog\/wp-json\/wp\/v2\/comments?post=50"}],"version-history":[{"count":1,"href":"https:\/\/model.wings.rs\/blog\/wp-json\/wp\/v2\/pages\/50\/revisions"}],"predecessor-version":[{"id":51,"href":"https:\/\/model.wings.rs\/blog\/wp-json\/wp\/v2\/pages\/50\/revisions\/51"}],"wp:attachment":[{"href":"https:\/\/model.wings.rs\/blog\/wp-json\/wp\/v2\/media?parent=50"}],"curies":[{"name":"wp","href":"https:\/\/api.w.org\/{rel}","templated":true}]}}